{"id":1223,"date":"2025-05-11T13:06:56","date_gmt":"2025-05-11T13:06:56","guid":{"rendered":"https:\/\/blocquaux.fr\/?page_id=1223"},"modified":"2025-05-11T13:06:56","modified_gmt":"2025-05-11T13:06:56","slug":"le-cybersexe","status":"publish","type":"page","link":"http:\/\/blocquaux.fr\/?page_id=1223","title":{"rendered":"LE CYBERSEXE"},"content":{"rendered":"<header class=\"entry-header\">\n<h1 class=\"page-title\">LE CYBERSEXE, ce virus qui tue l&rsquo;enfance.<\/h1>\n<\/header>\n<div class=\"entry-content clearfix\">\n<div class=\"page\" title=\"Page 1\">\n<div class=\"layoutArea\">\n<div class=\"column\">\n<p>Vous avez appr\u00e9ci\u00e9 notre conf\u00e9rence \u00e0 deux voi<em>x <\/em>(avec Renaud H\u00e9tier)\u00a0<em>\u00ab Amour, sexe et pixel \u00bb<\/em> ?<br \/>\nNous vous proposons d\u2019en retrouver le contenu et la tonalit\u00e9 dans notre nouvel ouvrage, <strong>LE CYBERSEXE, ce virus qui tue l&rsquo;enfance. Parents, comment faire face \u00e0 la pand\u00e9mie pornographique ?<\/strong><\/p>\n<p>\u00ab Nous sommes en guerre : pas de smartphone avant le lyc\u00e9e ! \u00bb Tel devrait \u00eatre le slogan d&rsquo;une lutte efficace contre la pand\u00e9mie pornographique qui frappe les enfants depuis le d\u00e9but du mill\u00e9naire. Car il y a urgence \u00e0 ouvrir les yeux des parents et des pouvoirs publics, pour qu&rsquo;ils prennent la mesure du ph\u00e9nom\u00e8ne de la cybersexualit\u00e9 et de ses effets d\u00e9l\u00e9t\u00e8res sur les plus jeunes.<br \/>\nLes auteurs de cet ouvrage vous proposent un regard crois\u00e9 entre leurs deux domaines scientifiques, la communication et l&rsquo;\u00e9ducation. Il s&rsquo;agit, d&rsquo;une part, de comprendre les nouveaux codes et r\u00e9f\u00e9rences d&rsquo;une industrie de la pornographie spectaculaire et lucrative qui envahit la toile pour s&rsquo;offrir aux yeux des enfants. Et, d&rsquo;autre part, de s&rsquo;interroger sur la place de l&rsquo;amour, du d\u00e9sir, de la sensibilit\u00e9 ou simplement du toucher dans un monde virtuel intoxiqu\u00e9 par la banalisation de la culture porno d\u00e8s le plus jeune \u00e2ge.<br \/>\nParents, \u00e9ducateurs ou d\u00e9cideurs, cet ouvrage vous propose des pistes de r\u00e9flexion, mais aussi des choix et des rep\u00e8res \u00e9ducatifs concrets pour agir et prot\u00e9ger les jeunes g\u00e9n\u00e9rations des formes les plus violentes du virus de la cybersexualit\u00e9. <em>\u00bb<\/em><\/p>\n<p><a href=\"https:\/\/www.editionsartege.fr\/product\/131257\/le-cybersexe-ce-virus-qui-tue-l-enfance\/\" target=\"_blank\" rel=\"noopener\"><img decoding=\"async\" loading=\"lazy\" class=\"aligncenter wp-image-732 size-medium\" src=\"http:\/\/blocquaux.fr\/wp-content\/uploads\/2019\/12\/commander-300x60.png\" sizes=\"(max-width: 300px) 100vw, 300px\" srcset=\"https:\/\/blocquaux.fr\/wp-content\/uploads\/2019\/12\/commander-300x60.png 300w, https:\/\/blocquaux.fr\/wp-content\/uploads\/2019\/12\/commander.png 405w\" alt=\"\" width=\"300\" height=\"60\" \/><\/a><\/p>\n<p>&nbsp;<\/p>\n<\/div>\n<\/div>\n<\/div>\n<\/div>\n","protected":false},"excerpt":{"rendered":"<p>LE CYBERSEXE, ce virus qui tue l&rsquo;enfance. Vous avez appr\u00e9ci\u00e9 notre conf\u00e9rence \u00e0 deux voix (avec Renaud H\u00e9tier)\u00a0\u00ab Amour, sexe<\/p>\n","protected":false},"author":1,"featured_media":0,"parent":0,"menu_order":0,"comment_status":"closed","ping_status":"closed","template":"","meta":{"jetpack_post_was_ever_published":false},"jetpack_shortlink":"https:\/\/wp.me\/P2RyIO-jJ","jetpack_sharing_enabled":true,"_links":{"self":[{"href":"http:\/\/blocquaux.fr\/index.php?rest_route=\/wp\/v2\/pages\/1223"}],"collection":[{"href":"http:\/\/blocquaux.fr\/index.php?rest_route=\/wp\/v2\/pages"}],"about":[{"href":"http:\/\/blocquaux.fr\/index.php?rest_route=\/wp\/v2\/types\/page"}],"author":[{"embeddable":true,"href":"http:\/\/blocquaux.fr\/index.php?rest_route=\/wp\/v2\/users\/1"}],"replies":[{"embeddable":true,"href":"http:\/\/blocquaux.fr\/index.php?rest_route=%2Fwp%2Fv2%2Fcomments&post=1223"}],"version-history":[{"count":1,"href":"http:\/\/blocquaux.fr\/index.php?rest_route=\/wp\/v2\/pages\/1223\/revisions"}],"predecessor-version":[{"id":1225,"href":"http:\/\/blocquaux.fr\/index.php?rest_route=\/wp\/v2\/pages\/1223\/revisions\/1225"}],"wp:attachment":[{"href":"http:\/\/blocquaux.fr\/index.php?rest_route=%2Fwp%2Fv2%2Fmedia&parent=1223"}],"curies":[{"name":"wp","href":"https:\/\/api.w.org\/{rel}","templated":true}]}}