{"id":704,"date":"2019-12-10T16:17:21","date_gmt":"2019-12-10T16:17:21","guid":{"rendered":"http:\/\/blocquaux.fr\/?page_id=704"},"modified":"2021-03-25T21:11:58","modified_gmt":"2021-03-25T21:11:58","slug":"le-biberon-numerique","status":"publish","type":"page","link":"http:\/\/blocquaux.fr\/?page_id=704","title":{"rendered":"LE BIBERON NUM\u00c9RIQUE"},"content":{"rendered":"<div class=\"page\" title=\"Page 1\">\n<div class=\"layoutArea\">\n<div class=\"column\">\n<p>Vous avez appr\u00e9ci\u00e9 ma conf\u00e9rence <em>\u00ab\u00a0Les jeunes face \u00e0 internet et aux mondes virtuels\u00a0\u00bb<\/em> ?<br \/>\nJe vous propose d&rsquo;en retrouver le contenu et la tonalit\u00e9 dans mon nouvel ouvrage,<br \/>\n<strong>LE BIBERON NUM\u00c9RIQUE : Le d\u00e9fi \u00e9ducatif \u00e0 l&rsquo;heure des enfants hyper-connect\u00e9s.<br \/>\n<\/strong><\/p>\n<p>\u00ab\u00a0<strong>Parents, e\u0301ducateurs et professionnels de la sante\u0301<\/strong>, les mutations nume\u0301riques vous interpellent, vous choquent ou vous passionnent, aussi dangereuses qu\u2019attractives. A\u0300 l\u2019e\u0300re du smartphone et des casques virtuels immersifs, nous devons rester vigilants concernant les usages de l\u2019Internet et des <strong>outils connecte\u0301s que nous offrons aux enfants<\/strong>.<\/p>\n<p>Vous qui n\u2019e\u0302tes pas \u00ab ne\u0301s avec internet dans votre berceau \u00bb, partez prendre la mesure de ce que vivent ces enfants sur qui repose de\u0301sormais le lourd fardeau de la <strong>connectivite\u0301 juve\u0301nile permanente<\/strong>.<\/p>\n<p>Beaucoup d\u2019entre eux sont <strong>biberonne\u0301s au nume\u0301rique<\/strong>, depuis le plus jeune a\u0302ge. Si les me\u0301dias relaient bien volontiers les proble\u0300mes de de\u0301pendance a\u0300 l\u2019alcool ou au tabac chez les jeunes, le netaholisme (addiction aux outils connecte\u0301s) a trouve\u0301 sa place aux co\u0302te\u0301s des principaux maux dont certains souffrent : perte des repe\u0300res identitaires, de\u0301gradation du rapport au re\u0301el, confusion des espaces intimes et publics, banalisation des jeux vide\u0301o hyper-violents (voire de\u0301viants) ou pratique pre\u0301coce de la cybercriminalite\u0301.<\/p>\n<p>Cet ouvrage questionne votre <strong>e\u0301ducation au virtuel<\/strong>, pour vous aider a\u0300 mieux lutter contre toutes les formes de cyber-violence, au sein du syste\u0300me e\u0301ducatif ou de sante\u0301, comme dans votre sphe\u0300re familiale.\u00a0\u00bb<\/p>\n<p><a href=\"http:\/\/www.biberon-numerique.com\/\" rel=\"attachment wp-att-732\"><img decoding=\"async\" loading=\"lazy\" class=\"aligncenter wp-image-732 size-medium\" src=\"http:\/\/blocquaux.fr\/wp-content\/uploads\/2019\/12\/commander-300x60.png\" alt=\"\" width=\"300\" height=\"60\" srcset=\"http:\/\/blocquaux.fr\/wp-content\/uploads\/2019\/12\/commander-300x60.png 300w, http:\/\/blocquaux.fr\/wp-content\/uploads\/2019\/12\/commander.png 405w\" sizes=\"(max-width: 300px) 100vw, 300px\" \/><\/a><\/p>\n<\/div>\n<\/div>\n<\/div>\n","protected":false},"excerpt":{"rendered":"<p>Vous avez appr\u00e9ci\u00e9 ma conf\u00e9rence \u00ab\u00a0Les jeunes face \u00e0 internet et aux mondes virtuels\u00a0\u00bb ? Je vous propose d&rsquo;en retrouver<\/p>\n","protected":false},"author":1,"featured_media":0,"parent":0,"menu_order":0,"comment_status":"closed","ping_status":"closed","template":"","meta":{"jetpack_post_was_ever_published":false},"jetpack_shortlink":"https:\/\/wp.me\/P2RyIO-bm","jetpack_sharing_enabled":true,"_links":{"self":[{"href":"http:\/\/blocquaux.fr\/index.php?rest_route=\/wp\/v2\/pages\/704"}],"collection":[{"href":"http:\/\/blocquaux.fr\/index.php?rest_route=\/wp\/v2\/pages"}],"about":[{"href":"http:\/\/blocquaux.fr\/index.php?rest_route=\/wp\/v2\/types\/page"}],"author":[{"embeddable":true,"href":"http:\/\/blocquaux.fr\/index.php?rest_route=\/wp\/v2\/users\/1"}],"replies":[{"embeddable":true,"href":"http:\/\/blocquaux.fr\/index.php?rest_route=%2Fwp%2Fv2%2Fcomments&post=704"}],"version-history":[{"count":9,"href":"http:\/\/blocquaux.fr\/index.php?rest_route=\/wp\/v2\/pages\/704\/revisions"}],"predecessor-version":[{"id":879,"href":"http:\/\/blocquaux.fr\/index.php?rest_route=\/wp\/v2\/pages\/704\/revisions\/879"}],"wp:attachment":[{"href":"http:\/\/blocquaux.fr\/index.php?rest_route=%2Fwp%2Fv2%2Fmedia&parent=704"}],"curies":[{"name":"wp","href":"https:\/\/api.w.org\/{rel}","templated":true}]}}