{"id":16,"date":"2012-10-31T22:28:52","date_gmt":"2012-10-31T22:28:52","guid":{"rendered":"http:\/\/blocquaux.fr\/?page_id=16"},"modified":"2025-05-11T12:31:00","modified_gmt":"2025-05-11T12:31:00","slug":"publications","status":"publish","type":"page","link":"https:\/\/blocquaux.fr\/?page_id=16","title":{"rendered":"Recherches"},"content":{"rendered":"<p><strong><em><span style=\"text-decoration: underline;\">Int\u00e9gration dans des \u00e9quipes de recherche<\/span> :<\/em><\/strong><\/p>\n<p>\u2022 Chercheur permanent dans l&rsquo;\u00c9quipe de recherche <strong>LIRFE<\/strong><\/p>\n<div class=\"views-field views-field-field-taxonomie\">\n<div class=\"field-content\">\n<div class=\"profilChercheur\"><a href=\"https:\/\/recherche.uco.fr\/equipe\/lirfe\">LIRFE &#8211; UCO ANGERS<\/a><\/div>\n<\/div>\n<\/div>\n<div class=\"views-field views-field-field-sigle\">\n<div class=\"field-content sigle\">Laboratoire Interdisciplinaire de Recherche sur les Questions Vives en Formation et en \u00c9ducation<\/div>\n<\/div>\n<p><a href=\"https:\/\/recherche.uco.fr\/chercheur\/86\/stephane-blocquaux\">FICHE CHERCHEUR UCO<\/a><\/p>\n<p>\u2022 Chercheur associ\u00e9 au <strong>LAMPA<\/strong> [Laboratoire Arts et M\u00e9tiers ParisTech Angers]<br \/>\nEquipe de recherche \u00ab\u00a0Pr\u00e9sence et Innovation\u00a0\u00bb \u2013 EA1427]<\/p>\n<p><a href=\"http:\/\/lampa.ensam.eu\/conception-innovation-132758.kjsp?RH=1415807897072&amp;RF=1479738746979\">LABORATOIRE LAMPA ENSAM<\/a><\/p>\n<p><strong><em><span style=\"text-decoration: underline;\">Quelques publications, articles &amp; communications<\/span> :<\/em><\/strong><\/p>\n<p><span class=\"citation-auteur\"><strong>2024<br \/>\n<\/strong>St\u00e9phane Blocquaux &amp; Renaud H\u00e9tier. Le cybersexe, ce virus qui tue l&rsquo;enfance : Parents, comment faire face \u00e0 la pand\u00e9mie pornographique ? <span class=\"citation-publisher\">Art\u00e8ge<\/span> <span class=\"ponctuation\">. <\/span> <span class=\"citation-pagination\">260<\/span> <span class=\"ponctuation\">p. <\/span> <span class=\"ponctuation\">. <\/span> <span class=\"citation-annee\">202<\/span>4<strong><br \/>\n<\/strong><\/span><\/p>\n<p><span class=\"citation-auteur\"><strong>2023<\/strong><br \/>\n<\/span><span class=\"citation-auteur\">St\u00e9phane Blocquaux<\/span> <span class=\"ponctuation\">. <\/span> <span class=\"citation-title\">Du casque virtuel \u00e0 la r\u00e9volution haptique : le num\u00e9rique immersif au d\u00e9fi des sens<\/span> <span class=\"ponctuation\">. <\/span> <span class=\"citation-title-italic\">La relation \u00e0 autrui en r\u00e9gime num\u00e9rique. Sentir, apprendre et exister<\/span> <span class=\"ponctuation\">. <\/span> <span class=\"citation-publisher\">Le Bord de l\u2019eau.<\/span><\/p>\n<div class=\"views-row\">\n<article>\n<div class=\"biblio-entry\"><span class=\"citation-auteur\">St\u00e9phane Blocquaux<\/span> <span class=\"ponctuation\">. <\/span> <span class=\"citation-title\">Seuls mais tous ensemble\u202f: ces mondes virtuels qui nous rapprochent et nous s\u00e9parent\u00a0<\/span> <span class=\"ponctuation\">, <\/span> <span class=\"citation-title-italic\">Enfances &amp; Psy<\/span> <span class=\"ponctuation\">. <\/span> <span class=\"citation-annee\">2023<\/span> <span class=\"ponctuation\">, <\/span> <span class=\"citation-annee\">2\/2022<\/span> <span class=\"ponctuation\">,(<\/span> <span class=\"citation-annee\">94<\/span> <span class=\"ponctuation\">)<\/span> <span class=\"ponctuation\">, pp. <\/span> <span class=\"citation-pagination\">123-131<\/span><\/div>\n<div class=\"biblio-entry\">\n<div><\/div>\n<div class=\"doi\"><span class=\"citation-auteur\"><strong>2022<\/strong><\/span><\/div>\n<\/div>\n<div><span class=\"ponctuation\">\u00a0<\/span><span class=\"citation-auteur\">St\u00e9phane Blocquaux<\/span> <span class=\"ponctuation\">. <\/span> <span class=\"citation-title\">Jeunesse et mondes virtuels : de la vulne\u0301rabilite\u0301 aux violences subies<\/span> <span class=\"ponctuation\">, <\/span> <span class=\"citation-title-italic\">Violences Agies \/ Violences Subies chez les Enfants et Adolescents<\/span> <span class=\"ponctuation\">, <\/span> <span class=\"citation-annee\">30\/09<\/span><\/div>\n<div><\/div>\n<div><span class=\"citation-auteur\"><strong>2021<\/strong><\/span><\/div>\n<div><span class=\"citation-auteur\">St\u00e9phane Blocquaux<\/span> <span class=\"ponctuation\">. <\/span> <span class=\"citation-title\">Le biberon num\u00e9rique : du bon usage du digital \u00e0 l&rsquo;heure des enfants hyper-connect\u00e9s<\/span> <span class=\"ponctuation\">. <\/span> <span class=\"citation-publisher\">Art\u00e8ge<\/span> <span class=\"ponctuation\">. <\/span> <span class=\"citation-pagination\">220<\/span> <span class=\"ponctuation\">p. <\/span> <span class=\"ponctuation\">. <\/span> <span class=\"citation-annee\">202<\/span>1<\/div>\n<div><\/div>\n<\/article>\n<div><span class=\"citation-auteur\">Benoiste Salembier, St\u00e9phane Blocquaux, Renaud H\u00e9tier<\/span> <span class=\"ponctuation\">. <\/span> <span class=\"citation-title\">Quand le roman policier devient un espace vid\u00e9oludique interactif pour enqu\u00eateurs virtuels<\/span> <span class=\"ponctuation\">. <\/span> <span class=\"citation-title-italic\">Romanesques : revue du Cercll : roman &amp; romanesque<\/span>.<\/div>\n<\/div>\n<div><\/div>\n<div><span class=\"citation-auteur\">Renaud H\u00e9tier, St\u00e9phane Blocquaux<\/span> <span class=\"ponctuation\">. <\/span> <span class=\"citation-title\">Vuln\u00e9rabilit\u00e9 et \u00e9thique de la pr\u00e9sence \u00e0 l\u2019\u00e8re num\u00e9rique<\/span> <span class=\"ponctuation\">. <\/span> <span class=\"citation-title-italic\">\u00c9thique en \u00e9ducation et en formation &#8211; Les dossiers du GREE<\/span> <span class=\"ponctuation\">. <\/span> <span class=\"citation-annee\">2021<\/span> <span class=\"ponctuation\">,(<\/span> <span class=\"citation-annee\">11<\/span> <span class=\"ponctuation\">)<\/span> <span class=\"ponctuation\">, pp. <\/span> <span class=\"citation-pagination\">8-28<\/span> <span class=\"ponctuation\">.<\/span><\/div>\n<div><\/div>\n<div><span class=\"citation-auteur\"><strong>2019<\/strong><\/span><\/div>\n<div><span class=\"citation-auteur\">Renaud H\u00e9tier, St\u00e9phane Blocquaux<\/span> <span class=\"ponctuation\">. <\/span> <span class=\"citation-title\">Du simulateur de survie au massacre en ligne, la \u00ab robinsonnade virtuelle \u00bb comme mod\u00e8le de divertissement num\u00e9rique plan\u00e9taire ?<\/span> <span class=\"ponctuation\">. <\/span> <span class=\"citation-title-italic\">Jules Verne et Robinson (Rencontres Jules Verne)<\/span> <span class=\"ponctuation\">, <\/span> <span class=\"citation-title\">Nantes<\/span><span class=\"ponctuation\">.\u00a0<\/span><\/div>\n<div><\/div>\n<div><span class=\"citation-auteur\">St\u00e9phane Blocquaux<\/span> <span class=\"ponctuation\">. <\/span> <span class=\"citation-title\">Les jeunes face \u00e0 internet et aux mondes virtuels : quelles mutations identitaires ?<\/span> <span class=\"ponctuation\">, <\/span> <span class=\"citation-title-italic\">\u00ab\u00a0Adolescence : vivre et se construire au-del\u00e0 du corps ab\u00eem\u00e9 et de la souffrance psychique\u00a0\u00bb<\/span> <span class=\"ponctuation\">, <\/span> <span class=\"citation-title\">Fondation Sant\u00e9 des Etudiants de France (FSEF)<\/span> <span class=\"ponctuation\">, <\/span> <span class=\"citation-title\">PARIS &#8211; Minist\u00e8re de la Sant\u00e9<\/span>.<\/div>\n<p><strong>2018<br \/>\n<\/strong><span id=\"iso-690\"><span class=\"UpperCase\">Blocquaux<\/span> St\u00e9phane, \u00ab\u00a04. Et si les \u00ab\u00a0na\u00effs num\u00e9riques\u00a0\u00bb n\u2019\u00e9taient pas ceux que l\u2019on croit\u00a0?\u00a0\u00bb, dans : Patrick Cottin \u00e9d., <i>Accompagner les adolescents. <\/i><i>Nouvelles pratiques, nouveaux d\u00e9fis pour les professionnels. <\/i>Toulouse, ERES, \u00ab\u00a0L&rsquo;\u00e9cole des parents\u00a0\u00bb, 2018, p. 57-66. DOI : 10.3917\/eres.cotti.2018.01.0057.<\/span><\/p>\n<p><strong>2017<br \/>\n<\/strong><span id=\"iso-690\"><span class=\"UpperCase\">Blocquaux<\/span> St\u00e9phane, <span class=\"UpperCase\">H\u00e9tier<\/span> Renaud, \u00ab\u00a0La caution scientifique au c\u0153ur des discours transhumanistes. De l\u2019amortalit\u00e9 \u00e0 l\u2019immortalit\u00e9\u00a0?\u00a0\u00bb, <i>Les Cahiers du num\u00e9rique<\/i>, 2017\/3 (Vol. 13), p. 195-214.<\/span><\/p>\n<p><em>\u00ab\u00a0L&rsquo;enfant au risque des pratiques num\u00e9riques : vers une \u00e9ducation au virtuel.\u00a0\u00bb in <\/em>Num\u00e9rique et accessibilit\u00e9 dans l\u2019\u00e9ducation et en formation. La nouvelle revue de l&rsquo;adaptation et de la scolarisation. Septembre 2017, n\u00b078, p. 147-158.<\/p>\n<p><strong>2016<\/strong><br \/>\n\u00ab\u00a0Les espaces de travail tridimensionnels immersifs et collaboratifs\u00a0: vers un apprentissage de la perception virtuelle\u00a0\u00bb <em>&#8211; 9 \u00e8me colloque sur l\u2019autoformation \u2013 Apprendre ensemble dans la soci\u00e9t\u00e9 de l\u2019acc\u00e9l\u00e9ration<\/em> &#8211; UCO &#8211; 26 au 28 octobre 2016. Angers.<\/p>\n<p>\u00ab\u00a0Freins et limites \u00e0 une accessibilit\u00e9 positive du num\u00e9rique par les nouvelles g\u00e9n\u00e9rations\u00a0: vers une \u00e9ducation au virtuel ?\u00a0\u00bb <em>VII\u00e8me Colloque International du r\u00e9seau OPHRIS \u2013 <\/em>Num\u00e9rique et accessibilit\u00e9 dans l\u2019enseignement sup\u00e9rieur \u2013 INS HEA, 7 et 8 juin 2016.Suresnes.<\/p>\n<p>\u00ab\u00a0Amour, sexe et pixel : pour une \u00e9ducation au virtuel\u00a0\u00bb.\u00a0<em>L\u2019enfant et les \u00e9crans.<\/em> Journ\u00e9e scientifique du groupe de P\u00e9diatrie G\u00e9n\u00e9rale (GPG). Lyon, 31 mai 2016.<\/p>\n<p><strong>2015<\/strong><em><br \/>\n<\/em><em>La sexualit\u00e9 virtuelle\u00a0: quelles limites\u00a0?, <\/em>Rencontres Jules Verne\u00a0:\u00a0La science\u00a0: jusqu\u2019o\u00f9 explorer\u00a0?, CNAM, Nantes. Actes publi\u00e9s\u00a0: Musti\u00e8re, P. &amp; Fabre, M\u00a0; (dir.), <em>Jules Verne. Science, crises et utopies, <\/em>Coiffard libraire \u00e9diteur, Nantes, mars 2015, p. 245-252.<\/p>\n<p>\u00ab\u00a0Le cybersexe\u00a0: nouveaux objets, nouvelles pratiques, nouveaux march\u00e9s\u00a0? \u00bb, (en collaboration avec Renaud H\u00e9tier et Christel Lecoq), <em>VRIC 2015 (Virtual Reality Internationals Conferences), <\/em>Laval Virtual 2015<em>.<\/em> Laval.<\/p>\n<p><strong>\u00a02014<br \/>\n<\/strong><em>Rapport au corps\u00a0et projection virtuelle interactive : vers une \u00ab\u00a0m\u00e9diation sensible\u00a0\u00bb\u00a0?<\/em>. \u00ab\u00a0Actes du colloque international organis\u00e9 au Havre les 11, 12 et 13 juin 2014\u00a0\u00bb. Textes r\u00e9unis par Sami Zlitni, Fabien Li\u00e9nard, Daiana Dula et Christelle Crumi\u00e8re. Editions KLOG. p. 41-49. ISBN : 979-10-92272-02-4<\/p>\n<p>\u00ab\u00a0La sexualit\u00e9 virtuelle\u00a0: quelles limites\u00a0?\u00bb, (en collaboration avec Renaud H\u00e9tier), <em>5<\/em><em><sup> \u00e8me<\/sup><\/em> <em>Rencontres Jules Verne<\/em>, C.N.A.M. (Centre National des Arts et M\u00e9tiers), Nantes, novembre 2014.<\/p>\n<p>\u00ab\u00a0De l\u2019avatar au transhumanisme num\u00e9rique\u00a0: le virtuel comme espace du <i>bien vieillir\u00a0<\/i>\u00bb. <i>Colloque International Interdisciplinaire Grandir et vieillir. Comment repenser les \u00e2ges de la vie\u00a0?<\/i> Universit\u00e9 Catholique de l\u2019Ouest,\u00a0 Angers.<\/p>\n<p><strong>2012<br \/>\n<\/strong>\u00ab\u00a0Quand les mondes virtuels entrent en concurrence avec le r\u00e9el\u00a0: aux fronti\u00e8res des utopies num\u00e9riques\u00a0\u00bb, <i>Rencontres Jules Verne<\/i>, C.N.A.M. (Centre National des Arts et M\u00e9tiers), Nantes, novembre 2012. En collaboration avec Renaud H\u00e9tier.<\/p>\n<p><strong>2013<br \/>\n<\/strong><i>\u00ab\u00a0Science, crises et utopies.\u00a0\u00bb<\/i>, coordonn\u00e9 par Philippe Musti\u00e8re et Michel Fabre, Nantes, Coiffard. \u00ab\u00a0Quand les mondes virtuels entrent en concurrence avec le r\u00e9el\u00a0: aux fronti\u00e8res des utopies num\u00e9riques\u00a0\u00bb, pp. 384-390. Avec Renaud H\u00e9tier.<\/p>\n<p><strong>\u00a02011<br \/>\n<\/strong><em>\u00ab\u00a0Science, technique et soci\u00e9t\u00e9\u00a0: de quoi sommes-nous responsables\u00a0?\u00a0\u00bb<\/em>, coordonn\u00e9 par Philippe Musti\u00e8re et Michel Fabre, Nantes, Coiffard. \u00ab D\u00e9pendance aux r\u00e9seaux num\u00e9riques et \u00e9ducation \u00bb, pp. 338-348. Avec Renaud H\u00e9tier.<\/p>\n<p><strong>2010<br \/>\n<\/strong>\u00ab\u00a0D\u00e9pendance aux r\u00e9seaux num\u00e9riques et \u00e9ducation\u00a0\u00bb, <em>Rencontres Jules Verne<\/em>, C.N.A.M. (Centre National des Arts et M\u00e9tiers), Nantes, novembre 2010. En collaboration avec Renaud H\u00e9tier. Actes publi\u00e9s (voir Publications)<\/p>\n<p><strong>\u00a0<\/strong>\u00ab\u00a0Interdisciplinarit\u00e9 universitaire et alternance p\u00e9dagogique comme cadre de probl\u00e9matisation\u00a0\u00bb<em>, <\/em>en collaboration avec Renaud H\u00e9tier. <em>Diversit\u00e9 des probl\u00e8mes et des probl\u00e9matisations\u00a0: vers une typologie<\/em><strong>, <\/strong>R\u00e9seau Probl\u00eama, Bizerte.<\/p>\n<p><strong>2009<br \/>\n<\/strong>\u00ab\u00a0Exp\u00e9riences r\u00e9elles et virtuelles \u00e0 l\u2019\u00e9preuve de la probl\u00e9matisation\u00a0\u00bb<em>, <\/em>en collaboration avec Renaud H\u00e9tier. <em>Exp\u00e9rience et probl\u00e9matisation<\/em><strong>, <\/strong>R\u00e9seau Probl\u00eama, Porto.<\/p>\n<p>\u00ab\u00a0Entre usages r\u00e9els et pratiques \u00e9ducatives\u00a0: vers une autre fracture num\u00e9rique\u00a0?\u00a0\u00bb, en collaboration avec Renaud H\u00e9tier et Magali Prodhomme-All\u00e8gre. <em>Pratiques et m\u00e9tiers en \u00e9ducation et formation : formalisation de l\u2019exp\u00e9rience et apports de la recherche<\/em>, R.E.F. (R\u00e9seau Education et Formation), Nantes.<\/p>\n","protected":false},"excerpt":{"rendered":"<p>Int\u00e9gration dans des \u00e9quipes de recherche : \u2022 Chercheur permanent dans l&rsquo;\u00c9quipe de recherche LIRFE LIRFE &#8211; UCO ANGERS Laboratoire<\/p>\n","protected":false},"author":1,"featured_media":0,"parent":0,"menu_order":0,"comment_status":"closed","ping_status":"closed","template":"","meta":{"jetpack_post_was_ever_published":false},"jetpack_shortlink":"https:\/\/wp.me\/P2RyIO-g","jetpack_sharing_enabled":true,"_links":{"self":[{"href":"https:\/\/blocquaux.fr\/index.php?rest_route=\/wp\/v2\/pages\/16"}],"collection":[{"href":"https:\/\/blocquaux.fr\/index.php?rest_route=\/wp\/v2\/pages"}],"about":[{"href":"https:\/\/blocquaux.fr\/index.php?rest_route=\/wp\/v2\/types\/page"}],"author":[{"embeddable":true,"href":"https:\/\/blocquaux.fr\/index.php?rest_route=\/wp\/v2\/users\/1"}],"replies":[{"embeddable":true,"href":"https:\/\/blocquaux.fr\/index.php?rest_route=%2Fwp%2Fv2%2Fcomments&post=16"}],"version-history":[{"count":22,"href":"https:\/\/blocquaux.fr\/index.php?rest_route=\/wp\/v2\/pages\/16\/revisions"}],"predecessor-version":[{"id":1221,"href":"https:\/\/blocquaux.fr\/index.php?rest_route=\/wp\/v2\/pages\/16\/revisions\/1221"}],"wp:attachment":[{"href":"https:\/\/blocquaux.fr\/index.php?rest_route=%2Fwp%2Fv2%2Fmedia&parent=16"}],"curies":[{"name":"wp","href":"https:\/\/api.w.org\/{rel}","templated":true}]}}