{"id":20,"date":"2012-10-31T22:31:12","date_gmt":"2012-10-31T22:31:12","guid":{"rendered":"http:\/\/blocquaux.fr\/?page_id=20"},"modified":"2019-12-20T22:57:24","modified_gmt":"2019-12-20T22:57:24","slug":"actions-pedagogiques","status":"publish","type":"page","link":"https:\/\/blocquaux.fr\/?page_id=20","title":{"rendered":"Actions p\u00e9dagogiques"},"content":{"rendered":"<p>&nbsp;<\/p>\n<p>J&rsquo;interviens aupr\u00e8s des jeunes dans les lyc\u00e9es et coll\u00e8ges pour les faire r\u00e9fl\u00e9chir aux \u00ab\u00a0diff\u00e9rences\u00a0\u00bb pouvant exister (ou non) entre le monde r\u00e9el et le monde virtuel. Cette th\u00e9matique permet d&rsquo;introduire la plupart des sujets importants li\u00e9s \u00e0 leurs pratiques num\u00e9riques.<\/p>\n<p>L&rsquo;intervention a lieu en trois temps :<\/p>\n<p>\u2022 <strong>Le rapport au temps<\/strong> : Approche de la probl\u00e9matique du \u00ab\u00a0netaholisme\u00a0\u00bb (ou cyberd\u00e9pendance) et r\u00e9flexion sur la consommation mensuelle d\u2019activit\u00e9s connect\u00e9es. Pistes de r\u00e9flexion pour une meilleure auto-gestion du \u00ab\u00a0temps de connectivit\u00e9\u00a0\u00bb.<\/p>\n<p>\u2022 <strong>Le rapport \u00e0 l&rsquo;autre<\/strong> : Suis-je \u00ab\u00a0diff\u00e9rent\u00a0\u00bb parce que je suis devant un \u00e9cran ? Approche de la trace num\u00e9rique et de sa persistance (Instagram, Snapchat, Facebook). Analyse des risques et des enjeux de la publication de contenus priv\u00e9s ou intimes sur les r\u00e9seaux sociaux.<\/p>\n<p>\u2022 <strong>Le rapport \u00e0 la loi<\/strong> : la diffamation sur le net et ses sanctions, le cyber-harc\u00e8lement et ses cons\u00e9quences, etc.<\/p>\n<p>Cette approche est moins \u00ab\u00a0brutale\u00a0\u00bb (moins \u00ab\u00a0commune\u00a0\u00bb aussi\u2026) que celle des \u00ab\u00a0dangers d&rsquo;internet\u00a0\u00bb et beaucoup mieux per\u00e7ue par les jeunes de prime abord.<\/p>\n<p><a href=\"http:\/\/blocquaux.fr\/?attachment_id=743\" rel=\"attachment wp-att-743\">Exemple de BILAN MEN\u00c9 AUPR\u00c8S DE CLASSES DE 4\u00e8me suite \u00e0 la conf\u00e9rence p\u00e9dagogique<\/a><\/p>\n","protected":false},"excerpt":{"rendered":"<p>&nbsp; J&rsquo;interviens aupr\u00e8s des jeunes dans les lyc\u00e9es et coll\u00e8ges pour les faire r\u00e9fl\u00e9chir aux \u00ab\u00a0diff\u00e9rences\u00a0\u00bb pouvant exister (ou non)<\/p>\n","protected":false},"author":1,"featured_media":0,"parent":0,"menu_order":0,"comment_status":"closed","ping_status":"closed","template":"","meta":{"jetpack_post_was_ever_published":false},"jetpack_shortlink":"https:\/\/wp.me\/P2RyIO-k","jetpack_sharing_enabled":true,"_links":{"self":[{"href":"https:\/\/blocquaux.fr\/index.php?rest_route=\/wp\/v2\/pages\/20"}],"collection":[{"href":"https:\/\/blocquaux.fr\/index.php?rest_route=\/wp\/v2\/pages"}],"about":[{"href":"https:\/\/blocquaux.fr\/index.php?rest_route=\/wp\/v2\/types\/page"}],"author":[{"embeddable":true,"href":"https:\/\/blocquaux.fr\/index.php?rest_route=\/wp\/v2\/users\/1"}],"replies":[{"embeddable":true,"href":"https:\/\/blocquaux.fr\/index.php?rest_route=%2Fwp%2Fv2%2Fcomments&post=20"}],"version-history":[{"count":8,"href":"https:\/\/blocquaux.fr\/index.php?rest_route=\/wp\/v2\/pages\/20\/revisions"}],"predecessor-version":[{"id":744,"href":"https:\/\/blocquaux.fr\/index.php?rest_route=\/wp\/v2\/pages\/20\/revisions\/744"}],"wp:attachment":[{"href":"https:\/\/blocquaux.fr\/index.php?rest_route=%2Fwp%2Fv2%2Fmedia&parent=20"}],"curies":[{"name":"wp","href":"https:\/\/api.w.org\/{rel}","templated":true}]}}